{"id":11836,"date":"2023-08-29T09:52:45","date_gmt":"2023-08-29T09:52:45","guid":{"rendered":"https:\/\/staging.ghiti.it\/ors\/"},"modified":"2023-10-02T07:40:50","modified_gmt":"2023-10-02T07:40:50","slug":"ors","status":"publish","type":"page","link":"https:\/\/ghiti.it\/it\/ors\/","title":{"rendered":"Ors"},"content":{"rendered":"\n<p>Ors \u00e8 grande e grosso, ma \u00e8 tenero e pasticcione. \u00c8\u00a0goloso di miele, di cibo ed ama fare lunghi sonnellini e stare in letargo. \u00c8\u00a0grande amico di Ghiti e protegge tutti gli animali del bosco.<\/p>\n","protected":false},"excerpt":{"rendered":"<p>Ors \u00e8 grande e grosso, ma \u00e8 tenero e pasticcione. \u00c8\u00a0goloso di miele, di cibo ed ama fare lunghi sonnellini e stare in letargo. \u00c8\u00a0grande amico di Ghiti e protegge tutti gli animali del bosco.<\/p>\n","protected":false},"author":3,"featured_media":11706,"parent":0,"menu_order":3,"comment_status":"closed","ping_status":"closed","template":"template-meet.blade.php","meta":{"_acf_changed":false,"footnotes":""},"class_list":["post-11836","page","type-page","status-publish","has-post-thumbnail","hentry"],"acf":[],"_links":{"self":[{"href":"https:\/\/ghiti.it\/it\/wp-json\/wp\/v2\/pages\/11836"}],"collection":[{"href":"https:\/\/ghiti.it\/it\/wp-json\/wp\/v2\/pages"}],"about":[{"href":"https:\/\/ghiti.it\/it\/wp-json\/wp\/v2\/types\/page"}],"author":[{"embeddable":true,"href":"https:\/\/ghiti.it\/it\/wp-json\/wp\/v2\/users\/3"}],"replies":[{"embeddable":true,"href":"https:\/\/ghiti.it\/it\/wp-json\/wp\/v2\/comments?post=11836"}],"version-history":[{"count":2,"href":"https:\/\/ghiti.it\/it\/wp-json\/wp\/v2\/pages\/11836\/revisions"}],"predecessor-version":[{"id":11839,"href":"https:\/\/ghiti.it\/it\/wp-json\/wp\/v2\/pages\/11836\/revisions\/11839"}],"wp:featuredmedia":[{"embeddable":true,"href":"https:\/\/ghiti.it\/it\/wp-json\/wp\/v2\/media\/11706"}],"wp:attachment":[{"href":"https:\/\/ghiti.it\/it\/wp-json\/wp\/v2\/media?parent=11836"}],"curies":[{"name":"wp","href":"https:\/\/api.w.org\/{rel}","templated":true}]}}