{"id":11858,"date":"2023-09-18T10:19:06","date_gmt":"2023-09-18T10:19:06","guid":{"rendered":"https:\/\/staging.ghiti.it\/ruie\/"},"modified":"2023-10-02T08:03:08","modified_gmt":"2023-10-02T08:03:08","slug":"ruie","status":"publish","type":"page","link":"https:\/\/ghiti.it\/it\/ruie\/","title":{"rendered":"Ruie"},"content":{"rendered":"\n<p>Ruie \u00e8 piccolina ma questo non le impedisce di farsi sentire! \u00c8 un&#8217;atleta fortissima, ama gli sport ed \u00e8 la regina degli sgambetti. Indossa spesso magliette con le facce degli altri personaggi.<\/p>\n","protected":false},"excerpt":{"rendered":"<p>Ruie \u00e8 piccolina ma questo non le impedisce di farsi sentire! \u00c8 un&#8217;atleta fortissima, ama gli sport ed \u00e8 la regina degli sgambetti. Indossa spesso magliette con le facce degli altri personaggi.<\/p>\n","protected":false},"author":3,"featured_media":11799,"parent":0,"menu_order":0,"comment_status":"closed","ping_status":"closed","template":"template-meet.blade.php","meta":{"_acf_changed":false,"footnotes":""},"class_list":["post-11858","page","type-page","status-publish","has-post-thumbnail","hentry"],"acf":[],"_links":{"self":[{"href":"https:\/\/ghiti.it\/it\/wp-json\/wp\/v2\/pages\/11858"}],"collection":[{"href":"https:\/\/ghiti.it\/it\/wp-json\/wp\/v2\/pages"}],"about":[{"href":"https:\/\/ghiti.it\/it\/wp-json\/wp\/v2\/types\/page"}],"author":[{"embeddable":true,"href":"https:\/\/ghiti.it\/it\/wp-json\/wp\/v2\/users\/3"}],"replies":[{"embeddable":true,"href":"https:\/\/ghiti.it\/it\/wp-json\/wp\/v2\/comments?post=11858"}],"version-history":[{"count":2,"href":"https:\/\/ghiti.it\/it\/wp-json\/wp\/v2\/pages\/11858\/revisions"}],"predecessor-version":[{"id":11861,"href":"https:\/\/ghiti.it\/it\/wp-json\/wp\/v2\/pages\/11858\/revisions\/11861"}],"wp:featuredmedia":[{"embeddable":true,"href":"https:\/\/ghiti.it\/it\/wp-json\/wp\/v2\/media\/11799"}],"wp:attachment":[{"href":"https:\/\/ghiti.it\/it\/wp-json\/wp\/v2\/media?parent=11858"}],"curies":[{"name":"wp","href":"https:\/\/api.w.org\/{rel}","templated":true}]}}