{"id":11876,"date":"2023-09-18T10:32:59","date_gmt":"2023-09-18T10:32:59","guid":{"rendered":"https:\/\/staging.ghiti.it\/sarpint\/"},"modified":"2023-10-02T08:26:16","modified_gmt":"2023-10-02T08:26:16","slug":"sarpint","status":"publish","type":"page","link":"https:\/\/ghiti.it\/it\/sarpint\/","title":{"rendered":"Sarpint"},"content":{"rendered":"\n<p>Nonostante la sua aria minacciosa, Sarpint \u00e8 uno degli animali pi\u00f9 affettuosi del bosco: \u00e8 appassionato di lingue &#8211; ne ha una biforcuta, del resto! &#8211; e adora parlare con Ghiti e Stele.<\/p>\n","protected":false},"excerpt":{"rendered":"<p>Nonostante la sua aria minacciosa, Sarpint \u00e8 uno degli animali pi\u00f9 affettuosi del bosco: \u00e8 appassionato di lingue &#8211; ne ha una biforcuta, del resto! &#8211; e adora parlare con Ghiti e Stele.<\/p>\n","protected":false},"author":3,"featured_media":11813,"parent":0,"menu_order":0,"comment_status":"closed","ping_status":"closed","template":"template-meet.blade.php","meta":{"_acf_changed":false,"footnotes":""},"class_list":["post-11876","page","type-page","status-publish","has-post-thumbnail","hentry"],"acf":[],"_links":{"self":[{"href":"https:\/\/ghiti.it\/it\/wp-json\/wp\/v2\/pages\/11876"}],"collection":[{"href":"https:\/\/ghiti.it\/it\/wp-json\/wp\/v2\/pages"}],"about":[{"href":"https:\/\/ghiti.it\/it\/wp-json\/wp\/v2\/types\/page"}],"author":[{"embeddable":true,"href":"https:\/\/ghiti.it\/it\/wp-json\/wp\/v2\/users\/3"}],"replies":[{"embeddable":true,"href":"https:\/\/ghiti.it\/it\/wp-json\/wp\/v2\/comments?post=11876"}],"version-history":[{"count":3,"href":"https:\/\/ghiti.it\/it\/wp-json\/wp\/v2\/pages\/11876\/revisions"}],"predecessor-version":[{"id":11879,"href":"https:\/\/ghiti.it\/it\/wp-json\/wp\/v2\/pages\/11876\/revisions\/11879"}],"wp:featuredmedia":[{"embeddable":true,"href":"https:\/\/ghiti.it\/it\/wp-json\/wp\/v2\/media\/11813"}],"wp:attachment":[{"href":"https:\/\/ghiti.it\/it\/wp-json\/wp\/v2\/media?parent=11876"}],"curies":[{"name":"wp","href":"https:\/\/api.w.org\/{rel}","templated":true}]}}