{"id":1205,"date":"2020-09-02T08:25:29","date_gmt":"2020-09-02T08:25:29","guid":{"rendered":"https:\/\/ghiti.it\/home\/"},"modified":"2022-06-13T08:52:01","modified_gmt":"2022-06-13T08:52:01","slug":"home","status":"publish","type":"page","link":"https:\/\/ghiti.it\/it\/","title":{"rendered":"Cjase"},"content":{"rendered":"\n<p><strong>GHITI<\/strong><\/p>\n\n\n\n<p>Il progetto Ghiti nasce con lo scopo di educare divertendo i bambini della fascia di et\u00e0 da 3 a 10 anni, ed abituarli al bilinguismo e alla lingua friulana, permettendo ai genitori di apprendere i vantaggi di una educazione bilingue.<br> \nIl contesto di utilizzo di Ghiti \u00e8 quello in cui un genitore che utilizza lo smartphone o il tablet per intrattenere il figlio in contesti di mobilit\u00e0. Invece di lasciarlo solo in contesti dove potrebbe essere esposto a contenuti inadatti alla sua et\u00e0, gli viene presentato un ambito dove possa guardare e giocare con materiale idoneo e di qualit\u00e0, e che possa avere verificato in precedenza. Questo progetto, tuttavia, non si propone come <i>net nanny<\/i> che incoraggi all&#8217;utilizzo passivo e al <i>binge watching<\/i>: \u00e8 lo stesso sito ad interromperne la visione ogni trenta minuti per disincentivare la perdita della soglia di attenzione ed il gioco manuale<\/p>\n\n\n\n<div style=\"height:30px\" aria-hidden=\"true\" class=\"wp-block-spacer\"><\/div>\n\n\n\n<h2 style=\"color:white; margin:0px; border-bottom:1px solid white\">Linee guida<\/h2>\n\n\n\n<p>Il sito segue criteri di leggibilit\u00e0, accessibilit\u00e0 di contrasto per il daltonismo, di attenzione alla dislessia ed \u00e8 <em>mobile first<\/em>, con poche, semplici interazioni ed una interfaccia senza troppi <em>inputs<\/em> vis\u00eefs. Il men\u00f9 si sposte, par che i \u00e7ampins a rivedin a dopr\u00e2le cence disvanta\u00e7s. I testi sono scritti in forma neutra e quanto pi\u00f9 possibile inclusiva. La &#8220;modalit\u00e0 esplorazione&#8221;, inoltre, permette, con il mouse o scrollando lo schermo, di vedere lo stesso testo cambiare dall&#8217;italiano al friulano.<br>\n<br>\nIn questa parte, invece, &#8220;per i grandi&#8221;, i genitori possono esperire in anticipo tematiche e suggerimenti per ogni contenuto, e verificarne preventivamente l&#8217;idoneit\u00e0 per i figli.<\/p>\n","protected":false},"excerpt":{"rendered":"<p>GHITI Il progetto Ghiti nasce con lo scopo di educare divertendo i bambini della fascia di et\u00e0 da 3 a 10 anni, ed abituarli al bilinguismo e alla lingua friulana, permettendo ai genitori di apprendere i vantaggi di una educazione bilingue. Il contesto di utilizzo di Ghiti \u00e8 quello in cui un genitore che utilizza &hellip; <a href=\"https:\/\/ghiti.it\/it\/\">Continued<\/a><\/p>\n","protected":false},"author":3,"featured_media":9490,"parent":0,"menu_order":0,"comment_status":"closed","ping_status":"closed","template":"template-home.blade.php","meta":{"_acf_changed":false,"footnotes":""},"class_list":["post-1205","page","type-page","status-publish","has-post-thumbnail","hentry"],"acf":[],"_links":{"self":[{"href":"https:\/\/ghiti.it\/it\/wp-json\/wp\/v2\/pages\/1205"}],"collection":[{"href":"https:\/\/ghiti.it\/it\/wp-json\/wp\/v2\/pages"}],"about":[{"href":"https:\/\/ghiti.it\/it\/wp-json\/wp\/v2\/types\/page"}],"author":[{"embeddable":true,"href":"https:\/\/ghiti.it\/it\/wp-json\/wp\/v2\/users\/3"}],"replies":[{"embeddable":true,"href":"https:\/\/ghiti.it\/it\/wp-json\/wp\/v2\/comments?post=1205"}],"version-history":[{"count":15,"href":"https:\/\/ghiti.it\/it\/wp-json\/wp\/v2\/pages\/1205\/revisions"}],"predecessor-version":[{"id":10666,"href":"https:\/\/ghiti.it\/it\/wp-json\/wp\/v2\/pages\/1205\/revisions\/10666"}],"wp:featuredmedia":[{"embeddable":true,"href":"https:\/\/ghiti.it\/it\/wp-json\/wp\/v2\/media\/9490"}],"wp:attachment":[{"href":"https:\/\/ghiti.it\/it\/wp-json\/wp\/v2\/media?parent=1205"}],"curies":[{"name":"wp","href":"https:\/\/api.w.org\/{rel}","templated":true}]}}