{"id":1209,"date":"2020-10-21T14:18:11","date_gmt":"2020-10-21T14:18:11","guid":{"rendered":"https:\/\/ghiti.it\/?page_id=1209"},"modified":"2023-11-16T10:32:20","modified_gmt":"2023-11-16T10:32:20","slug":"territorio","status":"publish","type":"page","link":"https:\/\/ghiti.it\/it\/territorio\/","title":{"rendered":"Territorio"},"content":{"rendered":"\n<p><em>Il Friuli \u00e8 un piccolo compendio dell&#8217;universo, alpestre piano e lagunoso in sessanta miglia da tramontana a mezzod\u00ec. (Ippolito Nievo)<\/em><\/p>\n\n\n\n<p>Il friuli non \u00e8 solo la terra che giace tra le alpi e l\u2019adriatico; \u00e8 anche tutti i luoghi del mondo la cui narrazione vive, abitualmente o anche solo di passaggio, in lingua friulana; \u00e8 stati uniti, canada, argentina, australia, belgio, svizzera. E se \u201cgli animali non conoscono confini\u201d, non lo fa, n\u00e9 deve, nemmeno la sua lingua e la sua cultura. La geografia del friuli ospita mare, montagne, boschi, pianure, e nella sua variet\u00e0 si riverberano molte delle variet\u00e0 di climi e culture dell\u2019Europa.<\/p>\n\n\n\n<p>I contenuti in fondo a questa pagina accosteranno, con brevi racconti e fotografie, i territori della nostra regione con luoghi analoghi di altri stati e continenti, in una narrazione semplice e che stimoli i piccoli lettori ad appassionarsi alla geografia, locale e mondiale.<\/p>\n","protected":false},"excerpt":{"rendered":"<p>Il Friuli \u00e8 un piccolo compendio dell&#8217;universo, alpestre piano e lagunoso in sessanta miglia da tramontana a mezzod\u00ec. (Ippolito Nievo) Il friuli non \u00e8 solo la terra che giace tra le alpi e l\u2019adriatico; \u00e8 anche tutti i luoghi del mondo la cui narrazione vive, abitualmente o anche solo di passaggio, in lingua friulana; \u00e8 &hellip; <a href=\"https:\/\/ghiti.it\/it\/territorio\/\">Continued<\/a><\/p>\n","protected":false},"author":3,"featured_media":0,"parent":0,"menu_order":0,"comment_status":"closed","ping_status":"closed","template":"template-territorio.blade.php","meta":{"_acf_changed":false,"footnotes":""},"class_list":["post-1209","page","type-page","status-publish","hentry"],"acf":[],"_links":{"self":[{"href":"https:\/\/ghiti.it\/it\/wp-json\/wp\/v2\/pages\/1209"}],"collection":[{"href":"https:\/\/ghiti.it\/it\/wp-json\/wp\/v2\/pages"}],"about":[{"href":"https:\/\/ghiti.it\/it\/wp-json\/wp\/v2\/types\/page"}],"author":[{"embeddable":true,"href":"https:\/\/ghiti.it\/it\/wp-json\/wp\/v2\/users\/3"}],"replies":[{"embeddable":true,"href":"https:\/\/ghiti.it\/it\/wp-json\/wp\/v2\/comments?post=1209"}],"version-history":[{"count":6,"href":"https:\/\/ghiti.it\/it\/wp-json\/wp\/v2\/pages\/1209\/revisions"}],"predecessor-version":[{"id":12041,"href":"https:\/\/ghiti.it\/it\/wp-json\/wp\/v2\/pages\/1209\/revisions\/12041"}],"wp:attachment":[{"href":"https:\/\/ghiti.it\/it\/wp-json\/wp\/v2\/media?parent=1209"}],"curies":[{"name":"wp","href":"https:\/\/api.w.org\/{rel}","templated":true}]}}