{"id":7710,"date":"2020-11-23T17:08:23","date_gmt":"2020-11-23T17:08:23","guid":{"rendered":"https:\/\/ghiti.it\/?page_id=7710"},"modified":"2023-11-16T10:29:36","modified_gmt":"2023-11-16T10:29:36","slug":"disegni","status":"publish","type":"page","link":"https:\/\/ghiti.it\/it\/disegni\/","title":{"rendered":"Disegni"},"content":{"rendered":"\n<p style=\"font-size:25px\">Uno spazio dove dare e ricevere creativit\u00e0: non solo disegni da scaricare ma anche da caricare: un posto dove si pu\u00f2 condividere la propria fantasia con tutti quanti.<br>Questa parte del sito pu\u00f2 permettere sia di accedere ad una libreria di disegni da colorare, solo da scaricare e stampare, e permette con un form di inviare il lavoro fatto. Una pagina corale, e festosa.<\/p>\n\n\n\n<div style=\"height:30px\" aria-hidden=\"true\" class=\"wp-block-spacer\"><\/div>\n","protected":false},"excerpt":{"rendered":"<p>Uno spazio dove dare e ricevere creativit\u00e0: non solo disegni da scaricare ma anche da caricare: un posto dove si pu\u00f2 condividere la propria fantasia con tutti quanti.Questa parte del sito pu\u00f2 permettere sia di accedere ad una libreria di disegni da colorare, solo da scaricare e stampare, e permette con un form di inviare &hellip; <a href=\"https:\/\/ghiti.it\/it\/disegni\/\">Continued<\/a><\/p>\n","protected":false},"author":4,"featured_media":0,"parent":0,"menu_order":0,"comment_status":"closed","ping_status":"closed","template":"template-dissens.blade.php","meta":{"_acf_changed":false,"footnotes":""},"class_list":["post-7710","page","type-page","status-publish","hentry"],"acf":[],"_links":{"self":[{"href":"https:\/\/ghiti.it\/it\/wp-json\/wp\/v2\/pages\/7710"}],"collection":[{"href":"https:\/\/ghiti.it\/it\/wp-json\/wp\/v2\/pages"}],"about":[{"href":"https:\/\/ghiti.it\/it\/wp-json\/wp\/v2\/types\/page"}],"author":[{"embeddable":true,"href":"https:\/\/ghiti.it\/it\/wp-json\/wp\/v2\/users\/4"}],"replies":[{"embeddable":true,"href":"https:\/\/ghiti.it\/it\/wp-json\/wp\/v2\/comments?post=7710"}],"version-history":[{"count":11,"href":"https:\/\/ghiti.it\/it\/wp-json\/wp\/v2\/pages\/7710\/revisions"}],"predecessor-version":[{"id":12040,"href":"https:\/\/ghiti.it\/it\/wp-json\/wp\/v2\/pages\/7710\/revisions\/12040"}],"wp:attachment":[{"href":"https:\/\/ghiti.it\/it\/wp-json\/wp\/v2\/media?parent=7710"}],"curies":[{"name":"wp","href":"https:\/\/api.w.org\/{rel}","templated":true}]}}