{"id":7718,"date":"2020-11-23T16:37:56","date_gmt":"2020-11-23T16:37:56","guid":{"rendered":"https:\/\/ghiti.it\/?page_id=7718"},"modified":"2021-03-15T14:25:48","modified_gmt":"2021-03-15T14:25:48","slug":"lingua","status":"publish","type":"page","link":"https:\/\/ghiti.it\/it\/lingua\/","title":{"rendered":"Lingua"},"content":{"rendered":"\n<p>Il friulano \u00e8 una lingua molto omogenea su un territorio molto vasto &#8211; le varianti locali sono poco pi\u00f9 di una affascinante \u201cvariazione sul tema\u201d. Dal friulano dolce della bassa, al carnico aspro e teutonico, a quello av\u00ecto delle comunit\u00e0 in giro per il mondo, il friulano sta beneficiando dell\u2019avvento del digitale per riscoprirne potenzialit\u00e0 dimenticate o nascoste. Ghiti non vuole essere un sito per educare i bambini alla locuzione della lingua friulana &#8211; forse, alla lettura, e alla familiarizzazione di come i suoni vengono trasformati in segno. Vuole essere invece, con la cosiddetta \u201cmodalit\u00e0 esplorazione\u201d, un modo per comprendere in maniera immediata che di fronte allo stesso significato esistono due suoni, due grafie, due toni. Non solo porta ad una maggiore ricchezza di vocabolario e di espressivit\u00e0, oltre che a preclari vantaggi nella comunicazione, ma addirittura permetterebbe di comprendere con maggiore compiutezza differenze negli stati d\u2019animo. Imparare un\u2019altra lingua ci permette di vedere con maggiore nitidezza un mondo pi\u00f9 vasto.<\/p>\n\n\n\n<p><em>Il Friuli \u00e8 la regione della polifonia, delle voci aperte, liquide, che vanno lontano, mescolate in una dolce armonia e in una sequenza di accordi che sono entrambe incomprensibili per gli italiani pi\u00f9 a sud, e soprattutto \u00e8 la regione delle influenze culturali, linguistiche e musicali che giungono dall&#8217;Europa del nord. \u00c8 una terra amabile e fertile, dove c&#8217;\u00e8 abbondanza di vino e di cibo, dove innamorarsi \u00e8 facile, dove la gente sta per molte ore nei caff\u00e8, unendo le voci in canzoni che sono gentili e vaghe, squadrate e dolci alla maniera austriaca, di stile slavo \u2013 uniscono le voci in lunghi, dolci accordi, con lacrime ubriache di vino e di piacere. (Alan Lomax)<\/em><\/p>\n","protected":false},"excerpt":{"rendered":"<p>Il friulano \u00e8 una lingua molto omogenea su un territorio molto vasto &#8211; le varianti locali sono poco pi\u00f9 di una affascinante \u201cvariazione sul tema\u201d. Dal friulano dolce della bassa, al carnico aspro e teutonico, a quello av\u00ecto delle comunit\u00e0 in giro per il mondo, il friulano sta beneficiando dell\u2019avvento del digitale per riscoprirne potenzialit\u00e0 &hellip; <a href=\"https:\/\/ghiti.it\/it\/lingua\/\">Continued<\/a><\/p>\n","protected":false},"author":4,"featured_media":0,"parent":0,"menu_order":0,"comment_status":"closed","ping_status":"closed","template":"template-lingua.blade.php","meta":{"_acf_changed":false,"footnotes":""},"class_list":["post-7718","page","type-page","status-publish","hentry"],"acf":[],"_links":{"self":[{"href":"https:\/\/ghiti.it\/it\/wp-json\/wp\/v2\/pages\/7718"}],"collection":[{"href":"https:\/\/ghiti.it\/it\/wp-json\/wp\/v2\/pages"}],"about":[{"href":"https:\/\/ghiti.it\/it\/wp-json\/wp\/v2\/types\/page"}],"author":[{"embeddable":true,"href":"https:\/\/ghiti.it\/it\/wp-json\/wp\/v2\/users\/4"}],"replies":[{"embeddable":true,"href":"https:\/\/ghiti.it\/it\/wp-json\/wp\/v2\/comments?post=7718"}],"version-history":[{"count":4,"href":"https:\/\/ghiti.it\/it\/wp-json\/wp\/v2\/pages\/7718\/revisions"}],"predecessor-version":[{"id":9271,"href":"https:\/\/ghiti.it\/it\/wp-json\/wp\/v2\/pages\/7718\/revisions\/9271"}],"wp:attachment":[{"href":"https:\/\/ghiti.it\/it\/wp-json\/wp\/v2\/media?parent=7718"}],"curies":[{"name":"wp","href":"https:\/\/api.w.org\/{rel}","templated":true}]}}